{"id":82,"date":"2021-02-21T19:51:41","date_gmt":"2021-02-21T18:51:41","guid":{"rendered":"http:\/\/coachingindogtraining.it\/?page_id=82"},"modified":"2022-07-08T16:34:28","modified_gmt":"2022-07-08T14:34:28","slug":"inizia-da-qui","status":"publish","type":"page","link":"https:\/\/coachingindogtraining.it\/?page_id=82","title":{"rendered":"Inizia da qui"},"content":{"rendered":"<div id='welcome'  class='av-layout-grid-container entry-content-wrapper main_color av-fixed-cells     avia-builder-el-0  el_before_av_layout_row  avia-builder-el-first  container_wrap sidebar_right' style=' '  >\n<div class=\"flex_cell no_margin av_one_fourth  avia-builder-el-1  el_before_av_cell_one_fourth  avia-builder-el-first   av-zero-padding \"  style='height:15px; min-height:15px;vertical-align:top; padding:0px; ' ><div class='flex_cell_inner' ><\/div><\/div><div class=\"flex_cell no_margin av_one_fourth  avia-builder-el-2  el_after_av_cell_one_fourth  el_before_av_cell_one_fourth   av-zero-padding \"  style='height:15px; min-height:15px;vertical-align:top; padding:0px; ' ><div class='flex_cell_inner' ><\/div><\/div><div class=\"flex_cell no_margin av_one_fourth  avia-builder-el-3  el_after_av_cell_one_fourth  el_before_av_cell_one_fourth   av-zero-padding \"  style='height:15px; min-height:15px;vertical-align:top; padding:0px; ' ><div class='flex_cell_inner' ><\/div><\/div><div class=\"flex_cell no_margin av_one_fourth  avia-builder-el-4  el_after_av_cell_one_fourth  avia-builder-el-last   av-zero-padding \"  style='height:15px; min-height:15px;vertical-align:top; padding:0px; ' ><div class='flex_cell_inner' ><\/div><\/div>\n<\/div>\n<div id='hello'  class='av-layout-grid-container entry-content-wrapper main_color av-flex-cells     avia-builder-el-5  el_after_av_layout_row  el_before_av_layout_row  submenu-not-first container_wrap sidebar_right' style=' '  >\n<div class=\"flex_cell no_margin av_one_half  avia-builder-el-6  el_before_av_cell_one_half  avia-builder-el-first   \"  style='vertical-align:top; padding:30px; ' ><div class='flex_cell_inner' ><p><div  style='height:20px' class='hr hr-invisible   avia-builder-el-7  el_before_av_heading  avia-builder-el-first '><span class='hr-inner ' ><span class='hr-inner-style'><\/span><\/span><\/div><br \/>\n<div  style='padding-bottom:20px; font-size:50px;' class='av-special-heading av-special-heading-h1  blockquote modern-quote  avia-builder-el-8  el_after_av_hr  el_before_av_textblock  av-inherit-size '><h1 class='av-special-heading-tag '  itemprop=\"headline\"  >So perch\u00e9 <u>sei qui<\/u> <\/h1><div class='special-heading-border'><div class='special-heading-inner-border' ><\/div><\/div><\/div><br \/>\n<section class=\"av_textblock_section \"  itemscope=\"itemscope\" itemtype=\"https:\/\/schema.org\/CreativeWork\" ><div class='avia_textblock  '   itemprop=\"text\" ><p>Sei qui perch\u00e9 c&#8217;\u00e8 qualcosa che non riesci a spiegarti, un qualcosa che ti sfugge ma \u00e8 una sensazione molto forte, proprio questa sensazione ti ha portato qui.<\/p>\n<p>Tu sai di cosa sto parlando:<\/p>\n<p>Ci\u00f2 che avverti quando lavori con il proprietario e il cane, quando spieghi per filo e per segno al proprietario cosa deve fare eppure lui non ti d\u00e0 retta o ha talmente tante obiezioni che sembra di dover fare un&#8217;opera di convincimento. Quella sensazione di spendere cos\u00ec tante energie quando tutto sarebbe pi\u00f9 semplice se il proprietario collaborasse, non nascondesse delle cose.<\/p>\n<p>Magari hai provato a cambiare modi, ad essere presente il pi\u00f9 possibile, ad accompagnarlo in questo percorso&#8230; eppure c&#8217;\u00e8 qualcosa che ti rimane incomprensibile.<\/p>\n<p>E questo \u00e8 assolutamente normale. Sai perch\u00e9?<\/p>\n<p>Semplicemente c&#8217;\u00e8 un&#8217;altra verita: ci sono delle cose che non puoi sapere. Si tratta di comunicazione e non \u00e8 innata, come si pensa, \u00e8 un qualcosa che si studia e si apprende.<\/p>\n<p>E&#8217; una cosa che non posso spiegarti&#8230; devi scoprirla con i tuoi occhi. Come?<\/p>\n<\/div><\/section><br \/>\n<section class=\"av_textblock_section \"  itemscope=\"itemscope\" itemtype=\"https:\/\/schema.org\/CreativeWork\" ><div class='avia_textblock  '  style='font-size:29px; '  itemprop=\"text\" ><p><u>Se il\u00a0perch\u00e9 \u00e8 forte, il come lo trovi!<\/u><\/p>\n<\/div><\/section><\/p>\n<\/div><\/div><div class=\"flex_cell no_margin av_one_half  avia-builder-el-11  el_after_av_cell_one_half  avia-builder-el-last   avia-full-stretch av-zero-padding \"  style='background:url(https:\/\/coachingindogtraining.it\/wp-content\/uploads\/2022\/04\/IMG_3668-scaled.jpg) center center no-repeat scroll; vertical-align:top; padding:0; ' ><div class='flex_cell_inner' ><\/div><\/div>\n<\/div>\n<div id='av-layout-grid-3'  class='av-layout-grid-container entry-content-wrapper main_color av-flex-cells     avia-builder-el-12  el_after_av_layout_row  el_before_av_layout_row  submenu-not-first container_wrap sidebar_right' style=' '  >\n<div class=\"flex_cell no_margin av_one_half  avia-builder-el-13  el_before_av_cell_one_half  avia-builder-el-first   avia-full-stretch \"  style='background:url(https:\/\/coachingindogtraining.it\/wp-content\/uploads\/2021\/02\/VALE0673-LOGO-scaled.jpg) center center no-repeat scroll; vertical-align:top; padding:150px; ' ><div class='flex_cell_inner' ><\/div><\/div><div class=\"flex_cell no_margin av_one_half  avia-builder-el-14  el_after_av_cell_one_half  avia-builder-el-last   \"  style='vertical-align:top; padding:30px; ' ><div class='flex_cell_inner' ><p><div  style='padding-bottom:30px; font-size:70px;' class='av-special-heading av-special-heading-h1  blockquote modern-quote  avia-builder-el-15  el_before_av_textblock  avia-builder-el-first  av-inherit-size '><h1 class='av-special-heading-tag '  itemprop=\"headline\"  >C\u2019era una volta un <u>Educatore Cinofilo<\/u><\/h1><div class='special-heading-border'><div class='special-heading-inner-border' ><\/div><\/div><\/div><br \/>\n<section class=\"av_textblock_section \"  itemscope=\"itemscope\" itemtype=\"https:\/\/schema.org\/CreativeWork\" ><div class='avia_textblock  '   itemprop=\"text\" ><p>Sai perch\u00e8 ti dico che so perfettamente ci\u00f2 di cui hai bisogno?<\/p>\n<p>Perch\u00e8 io per prima ne ho avuto bisogno. Conosco perfettamente quella sensazione di quando ti dicono: che bello lavori con i cani, fai un lavoro bellismo!&#8221; e tu pensi &#8220;certo, peccato per i proprietari.<\/p>\n<p>Mi sono scoperta molto brava con i cani, ho studiato molto, partecipato a molti stage, sono diventata insegnante dei corsi professionali per diventare educatore cinofilo&#8230; eppure qualcosa mancava.<\/p>\n<p>A volte mi pesava far lezione, volevo aiutare il cane e far contento il proprietario pagante ma poi&#8230; lui non faceva ci\u00f2 che gli dicevo.<\/p>\n<p>Una delle cose che facciamo molto spesso \u00e8 l&#8217;essere orientati totalmente al risultato e questo lo misuriamo sul cane. E&#8217; anche vero che per arrivare a questo dobbiamo passare per il proprietario.<\/p>\n<p>A questo punto mi sono chiesta: Come posso fargli fare ci\u00f2 che gli dico visto che so perfettamente ci\u00f2 che \u00e8 meglio per il suo cane? Lui deve diventare mio alleato!<\/p>\n<p>A quei tempi avrei pagato oro per avere qualcuno che mi spiegasse come nel mio campo potessi fare per comunicare in modo efficace e persuasivo col cliente, come poter far diventare le mie lezioni piene di energia, entusiasmo e divertimento!<\/p>\n<p>Ho ricominciato a studiare. Questa volta non il cane, bens\u00ec il proprietario.<\/p>\n<p>Ed \u00e8 cos\u00ec che oggi posso metterti a disposizione il mio bagaglio culturale e la mia esperienza proprio nell&#8217;ambito cinofilo!<\/p>\n<p>Perch\u00e8 prima di tutto sono un Educatore Cinofilo Professionista e poi un&#8217;esperta in comunicazione efficace e persuasiva.<\/p>\n<\/div><\/section><\/p>\n<\/div><\/div><\/div><div id='welcome'  class='av-layout-grid-container entry-content-wrapper main_color av-fixed-cells     avia-builder-el-17  el_after_av_layout_row  el_before_av_section  submenu-not-first container_wrap sidebar_right' style=' '  >\n<div class=\"flex_cell no_margin av_one_fourth  avia-builder-el-18  el_before_av_cell_one_fourth  avia-builder-el-first   av-zero-padding \"  style='height:15px; min-height:15px;vertical-align:top; padding:0px; ' ><div class='flex_cell_inner' ><\/div><\/div><div class=\"flex_cell no_margin av_one_fourth  avia-builder-el-19  el_after_av_cell_one_fourth  el_before_av_cell_one_fourth   av-zero-padding \"  style='height:15px; min-height:15px;vertical-align:top; padding:0px; ' ><div class='flex_cell_inner' ><\/div><\/div><div class=\"flex_cell no_margin av_one_fourth  avia-builder-el-20  el_after_av_cell_one_fourth  el_before_av_cell_one_fourth   av-zero-padding \"  style='height:15px; min-height:15px;vertical-align:top; padding:0px; ' ><div class='flex_cell_inner' ><\/div><\/div><div class=\"flex_cell no_margin av_one_fourth  avia-builder-el-21  el_after_av_cell_one_fourth  avia-builder-el-last   av-zero-padding \"  style='height:15px; min-height:15px;vertical-align:top; padding:0px; ' ><div class='flex_cell_inner' ><\/div><\/div>\n<\/div><\/p>\n<div id='av_section_1'  class='avia-section main_color avia-section-huge avia-no-shadow  avia-full-stretch av-section-color-overlay-active avia-bg-style-scroll  avia-builder-el-22  el_after_av_layout_row  el_before_av_layout_row   container_wrap sidebar_right' style='background-repeat: no-repeat; background-image: url(https:\/\/coachingindogtraining.it\/wp-content\/uploads\/2021\/02\/VALE0640-LOGO-1-scaled.jpg);background-attachment: scroll; background-position: center center;  '  data-section-bg-repeat='stretch'><div class='av-section-color-overlay-wrap'><div class='av-section-color-overlay' style='opacity: 0.8; '><\/div><div class='container' ><div class='template-page content  av-content-small alpha units'><div class='post-entry post-entry-type-page post-entry-82'><div class='entry-content-wrapper clearfix'>\n<div  style='padding-bottom:30px; color:#ffffff;font-size:70px;' class='av-special-heading av-special-heading-h1 custom-color-heading blockquote modern-quote modern-centered  avia-builder-el-23  el_before_av_hr  avia-builder-el-first  av-inherit-size '><h1 class='av-special-heading-tag '  itemprop=\"headline\"  >Ecco cosa <u>puoi<\/u> fare<\/h1><div class='special-heading-border'><div class='special-heading-inner-border' style='border-color:#ffffff'><\/div><\/div><\/div>\n<div  style='height:30px' class='hr hr-invisible   avia-builder-el-24  el_after_av_heading  el_before_av_one_half '><span class='hr-inner ' ><span class='hr-inner-style'><\/span><\/span><\/div>\n<div class='flex_column_table av-equal-height-column-flextable -flextable' ><div class=\"flex_column av_one_half  av-animated-generic fade-in  flex_column_table_cell av-equal-height-column av-align-top first  avia-builder-el-25  el_after_av_hr  el_before_av_one_half  \" style='padding:40px; background-color:rgba(255,255,255,0.9); border-radius:0px; '><p><div  style='padding-bottom:30px; color:#e44df2;font-size:70px;' class='av-special-heading av-special-heading-h6 custom-color-heading blockquote modern-quote  avia-builder-el-26  el_before_av_heading  avia-builder-el-first  av-inherit-size '><h6 class='av-special-heading-tag '  itemprop=\"headline\"  >Prima di Tutto<\/h6><div class='special-heading-border'><div class='special-heading-inner-border' style='border-color:#e44df2'><\/div><\/div><\/div><br \/>\n<div  style='padding-bottom:0px; ' class='av-special-heading av-special-heading-h6  blockquote modern-quote  avia-builder-el-27  el_after_av_heading  el_before_av_button  '><h6 class='av-special-heading-tag '  itemprop=\"headline\"  >&#8211; Iscriviti alla Community<\/h6><div class ='av-subheading av-subheading_below  ' style='font-size:15px;'><p>Il Branco dei Cinofili ti aspetta<\/p>\n<\/div><div class='special-heading-border'><div class='special-heading-inner-border' ><\/div><\/div><\/div><br \/>\n<div  class='avia-button-wrap avia-button-left  avia-builder-el-28  el_after_av_heading  el_before_av_hr ' ><a href=''  class='avia-button av-icon-on-hover  avia-icon_select-yes-right-icon avia-size-small avia-position-left '  style='background-color:#7bb0e7; border-color:#7bb0e7; color:#10194c; ' ><span class='avia_iconbox_title' >Iscriviti<\/span><span class='avia_button_icon avia_button_icon_right' aria-hidden='true' data-av_icon='\ue8f5' data-av_iconfont='entypo-fontello'><\/span><\/a><\/div><br \/>\n<div  style=' margin-top:10px; margin-bottom:30px;'  class='hr hr-custom hr-left hr-icon-no   avia-builder-el-29  el_after_av_button  el_before_av_heading '><span class='hr-inner  inner-border-av-border-fat' style=' width:50px;' ><span class='hr-inner-style'><\/span><\/span><\/div><br \/>\n<div  style='padding-bottom:0px; ' class='av-special-heading av-special-heading-h3  blockquote modern-quote  avia-builder-el-30  el_after_av_hr  el_before_av_textblock  '><h3 class='av-special-heading-tag '  itemprop=\"headline\"  >&#8211; Segli un Percorso di Coaching In Dog Training@<\/h3><div class='special-heading-border'><div class='special-heading-inner-border' ><\/div><\/div><\/div><br \/>\n<section class=\"av_textblock_section \"  itemscope=\"itemscope\" itemtype=\"https:\/\/schema.org\/CreativeWork\" ><div class='avia_textblock  '   itemprop=\"text\" ><p>Puoi scegliere:<\/p>\n<ul>\n<li>Video Percorsi<\/li>\n<li>Coaching Personali<\/li>\n<li>Stage o seminari<\/li>\n<\/ul>\n<\/div><\/section><br \/>\n<div  class='avia-button-wrap avia-button-left  avia-builder-el-32  el_after_av_textblock  el_before_av_hr ' ><a href='https:\/\/coachingindogtraining.it\/?page_id=255'  class='avia-button av-icon-on-hover  avia-icon_select-no avia-size-small avia-position-left '  style='color:#e44df2; ' ><span class='avia_iconbox_title' >Richiedi una consulenza<\/span><\/a><\/div><br \/>\n<div  style=' margin-top:10px; margin-bottom:30px;'  class='hr hr-custom hr-left hr-icon-no   avia-builder-el-33  el_after_av_button  el_before_av_heading '><span class='hr-inner  inner-border-av-border-fat' style=' width:50px;' ><span class='hr-inner-style'><\/span><\/span><\/div><br \/>\n<div  style='padding-bottom:0px; ' class='av-special-heading av-special-heading-h3  blockquote modern-quote  avia-builder-el-34  el_after_av_hr  el_before_av_textblock  '><h3 class='av-special-heading-tag '  itemprop=\"headline\"  >&#8211; Leggi il mio Libro<\/h3><div class ='av-subheading av-subheading_below  ' style='font-size:15px;'><p>La ragazza che inseguiva la valigia rosa<\/p>\n<\/div><div class='special-heading-border'><div class='special-heading-inner-border' ><\/div><\/div><\/div><br \/>\n<section class=\"av_textblock_section \"  itemscope=\"itemscope\" itemtype=\"https:\/\/schema.org\/CreativeWork\" ><div class='avia_textblock  '   itemprop=\"text\" ><p>Una meravigliosa avventura alla ricerca di se stessi, in cui ho imparerai a fare delle difficolt\u00e0 delle opportunit\u00e0!<\/p>\n<\/div><\/section><br \/>\n<div  class='avia-button-wrap avia-button-left  avia-builder-el-36  el_after_av_textblock  avia-builder-el-last ' ><a href='https:\/\/www.amazon.it\/ragazza-che-inseguiva-valigia-rosa\/dp\/8830634476\/ref=sr_1_1?__mk_it_IT=\u00c5M\u00c5\u017d\u00d5\u00d1&crid=13N5822VAWB82&keywords=la+ragazza+che+inseguiva+la+valigia+rosa&qid=1651678702&sprefix=la+ragazza+che+inseguiva+la+valigia+ros%2Caps%2C120&sr=8-1' class='avia-button av-icon-on-hover  avia-icon_select-no avia-size-small avia-position-left ' target=\"_blank\" rel=\"noopener noreferrer\" style='background-color:#e44df2; border-color:#e44df2; color:#ffffff; '><span class='avia_iconbox_title' >Acquistalo ORA<\/span><\/a><\/div><\/p><\/div><div class='av-flex-placeholder'><\/div><div class=\"flex_column av_one_half  av-animated-generic fade-in  flex_column_table_cell av-equal-height-column av-align-top   avia-builder-el-37  el_after_av_one_half  avia-builder-el-last  \" style='padding:40px; background-color:rgba(255,255,255,0.9); border-radius:0px; '><p><div  style='padding-bottom:30px; color:#e44df2;font-size:70px;' class='av-special-heading av-special-heading-h3 custom-color-heading blockquote modern-quote  avia-builder-el-38  el_before_av_heading  avia-builder-el-first  av-inherit-size '><h3 class='av-special-heading-tag '  itemprop=\"headline\"  >Percorsi Coaching in Dog Training@<\/h3><div class='special-heading-border'><div class='special-heading-inner-border' style='border-color:#e44df2'><\/div><\/div><\/div><br \/>\n<div  style='padding-bottom:0px; ' class='av-special-heading av-special-heading-h3  blockquote modern-quote  avia-builder-el-39  el_after_av_heading  el_before_av_button  '><h3 class='av-special-heading-tag '  itemprop=\"headline\"  >Video Percorsi di Coaching in Dog Training\u00ae<\/h3><div class ='av-subheading av-subheading_below  ' style='font-size:15px;'><p>Video lezioni da vedere quando e come vuoi!<\/p>\n<\/div><div class='special-heading-border'><div class='special-heading-inner-border' ><\/div><\/div><\/div><br \/>\n<div  class='avia-button-wrap avia-button-left  avia-builder-el-40  el_after_av_heading  el_before_av_hr ' ><a href='https:\/\/coachingindogtraining.it\/?portfolio=video-corsi'  class='avia-button av-icon-on-hover avia-color-dark  avia-font-color-theme-color-subtle  avia-icon_select-yes-right-icon avia-size-small avia-position-left '  target=\"_blank\"  rel=\"noopener noreferrer\"  ><span class='avia_iconbox_title' >Scopri di pi\u00f9<\/span><span class='avia_button_icon avia_button_icon_right' aria-hidden='true' data-av_icon='\ue879' data-av_iconfont='entypo-fontello'><\/span><span class='avia_button_background avia-button avia-color-theme-color-highlight' ><\/span><\/a><\/div><br \/>\n<div  style=' margin-top:10px; margin-bottom:30px;'  class='hr hr-custom hr-left hr-icon-no   avia-builder-el-41  el_after_av_button  el_before_av_heading '><span class='hr-inner  inner-border-av-border-fat' style=' width:50px;' ><span class='hr-inner-style'><\/span><\/span><\/div><br \/>\n<div  style='padding-bottom:0px; ' class='av-special-heading av-special-heading-h3  blockquote modern-quote  avia-builder-el-42  el_after_av_hr  el_before_av_textblock  '><h3 class='av-special-heading-tag '  itemprop=\"headline\"  >Personal Coaching in Dog Training\u00ae &#8211; B.A.S.C.O.<\/h3><div class ='av-subheading av-subheading_below  ' style='font-size:15px;'><p>Balla &#8211; Ama &#8211; Sogna &#8211; Credi &#8211; Osa<\/p>\n<\/div><div class='special-heading-border'><div class='special-heading-inner-border' ><\/div><\/div><\/div><br \/>\n<section class=\"av_textblock_section \"  itemscope=\"itemscope\" itemtype=\"https:\/\/schema.org\/CreativeWork\" ><div class='avia_textblock  '   itemprop=\"text\" ><p>Percorsi personali individuali in cui definiamo i tuoi obiettivi, i tuoi punti di forza e i limiti da superare.<\/p>\n<\/div><\/section><br \/>\n<div  class='avia-button-wrap avia-button-left  avia-builder-el-44  el_after_av_textblock  el_before_av_heading ' ><a href='https:\/\/coachingindogtraining.it\/?portfolio=physical-health'  class='avia-button av-icon-on-hover avia-color-theme-color-subtle   avia-icon_select-yes-right-icon avia-size-small avia-position-left '  target=\"_blank\"  rel=\"noopener noreferrer\" style='color:#e44df2; ' ><span class='avia_iconbox_title' >Scopri di pi\u00f9<\/span><span class='avia_button_icon avia_button_icon_right' aria-hidden='true' data-av_icon='\ue879' data-av_iconfont='entypo-fontello'><\/span><span class='avia_button_background avia-button avia-color-theme-color-highlight' ><\/span><\/a><\/div><br \/>\n<div  style='padding-bottom:0px; ' class='av-special-heading av-special-heading-h3  blockquote modern-quote  avia-builder-el-45  el_after_av_button  el_before_av_textblock  '><h3 class='av-special-heading-tag '  itemprop=\"headline\"  >Stage di Coaching in Dog Training@<\/h3><div class='special-heading-border'><div class='special-heading-inner-border' ><\/div><\/div><\/div><br \/>\n<section class=\"av_textblock_section \"  itemscope=\"itemscope\" itemtype=\"https:\/\/schema.org\/CreativeWork\" ><div class='avia_textblock  '   itemprop=\"text\" ><p>Stage e seminari dal vivo o via web.<\/p>\n<p>Vuoi organizzarne uno?<\/p>\n<\/div><\/section><br \/>\n<div  class='avia-button-wrap avia-button-left  avia-builder-el-47  el_after_av_textblock  avia-builder-el-last ' ><a href='https:\/\/coachingindogtraining.it\/?portfolio=physical-health'  class='avia-button av-icon-on-hover  avia-icon_select-yes-right-icon avia-size-small avia-position-left '  target=\"_blank\"  rel=\"noopener noreferrer\" style='background-color:#eded36; border-color:#eded36; color:#000000; ' ><span class='avia_iconbox_title' >Scopri gli argomenti<\/span><span class='avia_button_icon avia_button_icon_right' aria-hidden='true' data-av_icon='\ue879' data-av_iconfont='entypo-fontello'><\/span><\/a><\/div><\/p><\/div><\/div><!--close column table wrapper. Autoclose: 1 -->\n\n<\/div><\/div><\/div><!-- close content main div --><\/div><\/div><\/div><div id='welcome'  class='av-layout-grid-container entry-content-wrapper main_color av-fixed-cells     avia-builder-el-48  el_after_av_section  el_before_av_section  submenu-not-first container_wrap sidebar_right' style=' '  >\n<div class=\"flex_cell no_margin av_one_fourth  avia-builder-el-49  el_before_av_cell_one_fourth  avia-builder-el-first   av-zero-padding \"  style='height:15px; min-height:15px;background: #ffffff; vertical-align:top; padding:0px; background-color:#ffffff; ' ><div class='flex_cell_inner' ><\/div><\/div><div class=\"flex_cell no_margin av_one_fourth  avia-builder-el-50  el_after_av_cell_one_fourth  el_before_av_cell_one_fourth   av-zero-padding \"  style='height:15px; min-height:15px;background: #ffffff; vertical-align:top; padding:0px; background-color:#ffffff; ' ><div class='flex_cell_inner' ><\/div><\/div><div class=\"flex_cell no_margin av_one_fourth  avia-builder-el-51  el_after_av_cell_one_fourth  el_before_av_cell_one_fourth   av-zero-padding \"  style='height:15px; min-height:15px;background: #ffffff; vertical-align:top; padding:0px; background-color:#ffffff; ' ><div class='flex_cell_inner' ><\/div><\/div><div class=\"flex_cell no_margin av_one_fourth  avia-builder-el-52  el_after_av_cell_one_fourth  avia-builder-el-last   av-zero-padding \"  style='height:15px; min-height:15px;background: #ffffff; vertical-align:top; padding:0px; background-color:#ffffff; ' ><div class='flex_cell_inner' ><\/div><\/div>\n<\/div>\n<div id='av_section_2'  class='avia-section alternate_color avia-section-huge avia-no-border-styling  avia-full-stretch av-section-color-overlay-active avia-bg-style-fixed  avia-builder-el-53  el_after_av_layout_row  avia-builder-el-last   container_wrap sidebar_right' style='background-repeat: no-repeat; background-image: url(https:\/\/coachingindogtraining.it\/wp-content\/uploads\/2016\/05\/VALE0789-scaled.jpg);background-attachment: fixed; background-position: center center;  '  data-section-bg-repeat='stretch'><div class='av-section-color-overlay-wrap'><div class='av-section-color-overlay' style='opacity: 0.8; background-color: #000000; '><\/div><div class='container' ><div class='template-page content  av-content-small alpha units'><div class='post-entry post-entry-type-page post-entry-82'><div class='entry-content-wrapper clearfix'>\n<div class=\"flex_column av_one_fifth  flex_column_div av-zero-column-padding first  avia-builder-el-54  el_before_av_three_fifth  avia-builder-el-first  \" style='border-radius:0px; '><\/div><div class=\"flex_column av_three_fifth  flex_column_div av-zero-column-padding   avia-builder-el-55  el_after_av_one_fifth  el_before_av_one_fifth  \" style='border-radius:0px; '><p><div  style='padding-bottom:20px; font-size:50px;' class='av-special-heading av-special-heading-h1 custom-color-heading blockquote modern-quote modern-centered  avia-builder-el-56  el_before_av_textblock  avia-builder-el-first  av-inherit-size '><h1 class='av-special-heading-tag '  itemprop=\"headline\"  >Contattami ora<\/h1><div class='special-heading-border'><div class='special-heading-inner-border' ><\/div><\/div><\/div><br \/>\n<section class=\"av_textblock_section \"  itemscope=\"itemscope\" itemtype=\"https:\/\/schema.org\/CreativeWork\" ><div class='avia_textblock  '   itemprop=\"text\" ><p style=\"text-align: center;\">Adesso tocca a te!<\/p>\n<\/div><\/section><br \/>\n<div  style='height:20px' class='hr hr-invisible   avia-builder-el-58  el_after_av_textblock  el_before_av_button '><span class='hr-inner ' ><span class='hr-inner-style'><\/span><\/span><\/div><br \/>\n<div  class='avia-button-wrap avia-button-center  avia-builder-el-59  el_after_av_hr  avia-builder-el-last ' ><a href='https:\/\/coachingindogtraining.it\/?page_id=255'  class='avia-button av-icon-on-hover avia-color-light   avia-icon_select-yes-right-icon avia-size-large avia-position-center '   ><span class='avia_iconbox_title' >Contattami<\/span><span class='avia_button_icon avia_button_icon_right' aria-hidden='true' data-av_icon='\ue879' data-av_iconfont='entypo-fontello'><\/span><\/a><\/div><\/p><\/div><div class=\"flex_column av_one_fifth  flex_column_div av-zero-column-padding   avia-builder-el-60  el_after_av_three_fifth  avia-builder-el-last  \" style='border-radius:0px; '><\/div>\n<\/div><\/div><\/div><!-- close content main div --><\/div><\/div><\/div><div id='after_section_2'  class='main_color av_default_container_wrap container_wrap sidebar_right' style=' '  ><div class='container' ><div class='template-page content  av-content-small alpha units'><div class='post-entry post-entry-type-page post-entry-82'><div class='entry-content-wrapper clearfix'>\n","protected":false},"excerpt":{"rendered":"","protected":false},"author":1,"featured_media":0,"parent":0,"menu_order":0,"comment_status":"closed","ping_status":"closed","template":"","meta":{"footnotes":""},"class_list":["post-82","page","type-page","status-publish","hentry"],"_links":{"self":[{"href":"https:\/\/coachingindogtraining.it\/index.php?rest_route=\/wp\/v2\/pages\/82","targetHints":{"allow":["GET"]}}],"collection":[{"href":"https:\/\/coachingindogtraining.it\/index.php?rest_route=\/wp\/v2\/pages"}],"about":[{"href":"https:\/\/coachingindogtraining.it\/index.php?rest_route=\/wp\/v2\/types\/page"}],"author":[{"embeddable":true,"href":"https:\/\/coachingindogtraining.it\/index.php?rest_route=\/wp\/v2\/users\/1"}],"replies":[{"embeddable":true,"href":"https:\/\/coachingindogtraining.it\/index.php?rest_route=%2Fwp%2Fv2%2Fcomments&post=82"}],"version-history":[{"count":140,"href":"https:\/\/coachingindogtraining.it\/index.php?rest_route=\/wp\/v2\/pages\/82\/revisions"}],"predecessor-version":[{"id":1723,"href":"https:\/\/coachingindogtraining.it\/index.php?rest_route=\/wp\/v2\/pages\/82\/revisions\/1723"}],"wp:attachment":[{"href":"https:\/\/coachingindogtraining.it\/index.php?rest_route=%2Fwp%2Fv2%2Fmedia&parent=82"}],"curies":[{"name":"wp","href":"https:\/\/api.w.org\/{rel}","templated":true}]}}