{"id":253,"date":"2016-05-23T10:30:12","date_gmt":"2016-05-23T08:30:12","guid":{"rendered":"http:\/\/test.kriesi.at\/enfold-health-coach\/?page_id=253"},"modified":"2022-05-05T11:38:13","modified_gmt":"2022-05-05T09:38:13","slug":"about","status":"publish","type":"page","link":"https:\/\/coachingindogtraining.it\/?page_id=253","title":{"rendered":"Chi Sono"},"content":{"rendered":"<div id='hello'  class='av-layout-grid-container entry-content-wrapper main_color av-flex-cells     avia-builder-el-0  el_before_av_layout_row  avia-builder-el-first  container_wrap sidebar_right' style=' '  >\n<div class=\"flex_cell no_margin av_one_half  avia-builder-el-1  el_before_av_cell_one_half  avia-builder-el-first   \"  style='vertical-align:top; padding:100px; ' ><div class='flex_cell_inner' ><p><div  style='height:20px' class='hr hr-invisible   avia-builder-el-2  el_before_av_heading  avia-builder-el-first '><span class='hr-inner ' ><span class='hr-inner-style'><\/span><\/span><\/div><br \/>\n<div  style='padding-bottom:20px; font-size:50px;' class='av-special-heading av-special-heading-h1  blockquote modern-quote  avia-builder-el-3  el_after_av_hr  el_before_av_textblock  av-inherit-size '><h1 class='av-special-heading-tag '  itemprop=\"headline\"  >La mia <u>Mission<\/u> <\/h1><div class='special-heading-border'><div class='special-heading-inner-border' ><\/div><\/div><\/div><br \/>\n<section class=\"av_textblock_section \"  itemscope=\"itemscope\" itemtype=\"https:\/\/schema.org\/CreativeWork\" ><div class='avia_textblock  '   itemprop=\"text\" ><p>Ciao!<\/p>\n<p>Io solo <u>Laura<\/u> e voglio raccontarti un p\u00f2 di me.<\/p>\n<p>Ho un <u>Mission<\/u>\u00a0che sento fortissima ed \u00e8 quella di vivere con Gioia ed Energia, guidando ed ispirando chi mi incontrer\u00e0 nel proprio viaggio di vita!<\/p>\n<p>I Bisogni che sento forti sono quelli di \u00a0<strong><u>\u201ccrescita e contributo\u201d<\/u><\/strong>.<\/p>\n<p><strong><u>Contribuisco<\/u><\/strong>\u00a0nell\u2019aiutare cani e proprietari in primis attraverso il lavoro degli educatori e istruttori cinofili stessi. Pi\u00f9 educatori ed istruttori formo con forti competenze di ascolto e di comunicazione, pi\u00f9 d\u00f2 il mio contributo di qualit\u00e0 ai proprietari e cani.<\/p>\n<p><strong><u>Cresco<\/u><\/strong>\u00a0quando le persone intorno a me crescono, comprendono quello che fanno e perch\u00e9 lo fanno.<\/p>\n<p>Il mio successo \u00e8 nel successo delle persone che formo.<\/p>\n<p>\u00c8 in quel momento che mi batte il cuore.<\/p>\n<p>E\u2019 in quel momento che non ho bisogno di altro.<\/p>\n<\/div><\/section><br \/>\n<section class=\"av_textblock_section \"  itemscope=\"itemscope\" itemtype=\"https:\/\/schema.org\/CreativeWork\" ><div class='avia_textblock  '  style='font-size:29px; '  itemprop=\"text\" ><p><u>Se il\u00a0perch\u00e9 \u00e8 forte, il come lo trovi!<\/u><\/p>\n<\/div><\/section><\/p>\n<\/div><\/div><div class=\"flex_cell no_margin av_one_half  avia-builder-el-6  el_after_av_cell_one_half  avia-builder-el-last   avia-full-stretch av-zero-padding \"  style='background:url(https:\/\/coachingindogtraining.it\/wp-content\/uploads\/2022\/05\/Progetto-senza-titolo-3.png) center center no-repeat scroll; vertical-align:top; padding:0; ' ><div class='flex_cell_inner' ><\/div><\/div><\/div><div id='av-layout-grid-2'  class='av-layout-grid-container entry-content-wrapper main_color av-flex-cells     avia-builder-el-7  el_after_av_layout_row  el_before_av_layout_row  submenu-not-first container_wrap sidebar_right' style=' '  >\n<div class=\"flex_cell no_margin av_one_half  avia-builder-el-8  el_before_av_cell_one_half  avia-builder-el-first   avia-full-stretch \"  style='background:url(https:\/\/coachingindogtraining.it\/wp-content\/uploads\/2021\/02\/VALE0695-LOGO-scaled.jpg) center center no-repeat scroll; vertical-align:top; padding:300px; ' ><div class='flex_cell_inner' ><\/div><\/div><div class=\"flex_cell no_margin av_one_half  avia-builder-el-9  el_after_av_cell_one_half  avia-builder-el-last   avia-full-contain \"  style='vertical-align:middle; padding:100px; ' ><div class='flex_cell_inner' ><p><div  style='padding-bottom:30px; font-size:70px;' class='av-special-heading av-special-heading-h1  blockquote modern-quote  avia-builder-el-10  el_before_av_textblock  avia-builder-el-first  av-inherit-size '><h1 class='av-special-heading-tag '  itemprop=\"headline\"  >Laura  <u>Rapagnetta<\/u><\/h1><div class='special-heading-border'><div class='special-heading-inner-border' ><\/div><\/div><\/div><br \/>\n<section class=\"av_textblock_section \"  itemscope=\"itemscope\" itemtype=\"https:\/\/schema.org\/CreativeWork\" ><div class='avia_textblock  '   itemprop=\"text\" ><p>Piacere!<\/p>\n<p>Io Sono Laura e sono un Educatore Cinofilo, un Coach e una Scrittrice.<\/p>\n<p>Ma&#8230;<\/p>\n<p>Prima di tutto sono una proprietaria. Vivo con 4 cani in una cittadina che si chiama Silvi Marina, in Abruzzo, dove gestito un Centro Cinofilo tutto mio con la collaborazione di un Team al femminile!<\/p>\n<p>E tutto ebbe inizio nel 2013 quando&#8230;.<\/p>\n<p>Dopo un periodo molto sfidante dove persi mio figlio al solo 3\u00b0 mese di gravidanza, persi il lavoro e mio marito era lontano, mi trasferii da Roma a Silvi e&#8230; presi un cane! Martyn&#8230;<\/p>\n<p>Martyn rischi\u00f2 la vita: mi fu dato toppo piccolo e non mangiava&#8230; non so come feci ma sopravvisse&#8230;. e ben presto inizi\u00f2 ad avere le prime problematiche comportamentali&#8230;. possessivo, ringhiava e addirittura mordeva, anche me! Eppure gli avevo salvato la vita&#8230;. iniziai cos\u00ec la ricerca di chi potesse darmi una mano&#8230;. in quegli anni se ne sapevano ancora cos\u00ec poche di cose&#8230;. Nel frattempo arriv\u00f2 anche Marysol a casa, ma le problematiche non miglioravano&#8230; approdai cos\u00ec ad un corso della scuola <a href=\"https:\/\/www.insca.it\">I.N.S.C.A.<\/a> per diventare educatore cinofilo ad Ancona&#8230;. e la mia vita cambi\u00f2 completamente!<\/p>\n<p>Sono diventata cos\u00ec un&#8217;educatrice cinofila professionista esperta nell&#8217;Area del Comportamento iscritta all&#8217;APNEC, associazione di cui sono membro del Direttivo Nazionale, sono Tecnico, Istruttore e Giudice Acsi di diverse discipline sportive e sono un Addestratore ENCI sez.1.<\/p>\n<p>Ho fondato e gestisco un Centro Cinofilo in Abruzzo: la <a href=\"_wp_link_placeholder\" data-wplink-edit=\"true\">Sweet Dog Asd<\/a> che in breve tempo \u00e8 diventata una Sede I.N.S.C.A. Sono passata poi allo studio della Comunicazione umana diventando Mental Coach presso la scuola Ekis e ho creato il <strong>Coachng in Dog Training@<\/strong> applicando al lavoro di educazione tutto ci\u00f2 che concerne la comunicazione efficace e persuasiva, le tecniche di vendita e la Leadership personale.<\/p>\n<\/div><\/section><\/p>\n<\/div><\/div>\n<\/div><\/p>\n<div id='welcome'  class='av-layout-grid-container entry-content-wrapper main_color av-fixed-cells     avia-builder-el-12  el_after_av_layout_row  el_before_av_section  submenu-not-first container_wrap sidebar_right' style=' '  >\n<div class=\"flex_cell no_margin av_one_fourth  avia-builder-el-13  el_before_av_cell_one_fourth  avia-builder-el-first   av-zero-padding \"  style='height:15px; min-height:15px;background: #ffffff; vertical-align:top; padding:0px; background-color:#ffffff; ' ><div class='flex_cell_inner' ><\/div><\/div><div class=\"flex_cell no_margin av_one_fourth  avia-builder-el-14  el_after_av_cell_one_fourth  el_before_av_cell_one_fourth   av-zero-padding \"  style='height:15px; min-height:15px;background: #ffffff; vertical-align:top; padding:0px; background-color:#ffffff; ' ><div class='flex_cell_inner' ><\/div><\/div><div class=\"flex_cell no_margin av_one_fourth  avia-builder-el-15  el_after_av_cell_one_fourth  el_before_av_cell_one_fourth   av-zero-padding \"  style='height:15px; min-height:15px;background: #ffffff; vertical-align:top; padding:0px; background-color:#ffffff; ' ><div class='flex_cell_inner' ><\/div><\/div><div class=\"flex_cell no_margin av_one_fourth  avia-builder-el-16  el_after_av_cell_one_fourth  avia-builder-el-last   av-zero-padding \"  style='height:15px; min-height:15px;background: #ffffff; vertical-align:top; padding:0px; background-color:#ffffff; ' ><div class='flex_cell_inner' ><\/div><\/div>\n<\/div>\n<div id='av_section_1'  class='avia-section main_color avia-section-huge avia-no-shadow  avia-full-stretch av-section-color-overlay-active avia-bg-style-scroll  avia-builder-el-17  el_after_av_layout_row  el_before_av_layout_row   container_wrap sidebar_right' style='background-repeat: no-repeat; background-image: url(https:\/\/coachingindogtraining.it\/wp-content\/uploads\/2021\/02\/VALE0640-LOGO-1-scaled.jpg);background-attachment: scroll; background-position: center center;  '  data-section-bg-repeat='stretch'><div class='av-section-color-overlay-wrap'><div class='av-section-color-overlay' style='opacity: 0.8; '><\/div><div class='container' ><div class='template-page content  av-content-small alpha units'><div class='post-entry post-entry-type-page post-entry-253'><div class='entry-content-wrapper clearfix'>\n<div  style='padding-bottom:30px; color:#ffffff;font-size:70px;' class='av-special-heading av-special-heading-h1 custom-color-heading blockquote modern-quote modern-centered  avia-builder-el-18  el_before_av_hr  avia-builder-el-first  av-inherit-size '><h1 class='av-special-heading-tag '  itemprop=\"headline\"  >i miei Progetti <\/h1><div class='special-heading-border'><div class='special-heading-inner-border' style='border-color:#ffffff'><\/div><\/div><\/div>\n<div  style='height:30px' class='hr hr-invisible   avia-builder-el-19  el_after_av_heading  el_before_av_one_half '><span class='hr-inner ' ><span class='hr-inner-style'><\/span><\/span><\/div>\n<div class='flex_column_table av-equal-height-column-flextable -flextable' ><div class=\"flex_column av_one_half  av-animated-generic fade-in  flex_column_table_cell av-equal-height-column av-align-top first  avia-builder-el-20  el_after_av_hr  el_before_av_one_half  \" style='padding:40px; background-color:rgba(255,255,255,0.9); border-radius:0px; '><p><div  style='padding-bottom:30px; color:#e44df2;font-size:70px;' class='av-special-heading av-special-heading-h3 custom-color-heading blockquote modern-quote  avia-builder-el-21  el_before_av_heading  avia-builder-el-first  av-inherit-size '><h3 class='av-special-heading-tag '  itemprop=\"headline\"  >Cinofilia<\/h3><div class='special-heading-border'><div class='special-heading-inner-border' style='border-color:#e44df2'><\/div><\/div><\/div><br \/>\n<div  style='padding-bottom:0px; ' class='av-special-heading av-special-heading-h3  blockquote modern-quote  avia-builder-el-22  el_after_av_heading  el_before_av_textblock  '><h3 class='av-special-heading-tag '  itemprop=\"headline\"  >Educatore Cinofilo<\/h3><div class ='av-subheading av-subheading_below  ' style='font-size:15px;'><p>iscritto all&#8217;APNEC<\/p>\n<\/div><div class='special-heading-border'><div class='special-heading-inner-border' ><\/div><\/div><\/div><br \/>\n<section class=\"av_textblock_section \"  itemscope=\"itemscope\" itemtype=\"https:\/\/schema.org\/CreativeWork\" ><div class='avia_textblock  '   itemprop=\"text\" ><p>Diplomata come Educatore Cinofilo presso la sede di Ancona della scuola I.N.S.C.A., esperto nell&#8217;Area del Comportamento, iscritta Apnec dove sono membro del Direttivo Nazionale<\/p>\n<\/div><\/section><br \/>\n<div  style=' margin-top:10px; margin-bottom:30px;'  class='hr hr-custom hr-left hr-icon-no   avia-builder-el-24  el_after_av_textblock  el_before_av_heading '><span class='hr-inner  inner-border-av-border-fat' style=' width:50px;' ><span class='hr-inner-style'><\/span><\/span><\/div><br \/>\n<div  style='padding-bottom:0px; ' class='av-special-heading av-special-heading-h3  blockquote modern-quote  avia-builder-el-25  el_after_av_hr  el_before_av_textblock  '><h3 class='av-special-heading-tag '  itemprop=\"headline\"  >Centro Cinofilo Sweet Dog Asd<\/h3><div class ='av-subheading av-subheading_below  ' style='font-size:15px;'><p>a Silvi Marina<\/p>\n<\/div><div class='special-heading-border'><div class='special-heading-inner-border' ><\/div><\/div><\/div><br \/>\n<section class=\"av_textblock_section \"  itemscope=\"itemscope\" itemtype=\"https:\/\/schema.org\/CreativeWork\" ><div class='avia_textblock  '   itemprop=\"text\" ><p>Gestisco il mio Centro Cinofilo in Abruzzo, guidando un Team tutto al femminile composto da 5 ragazze, le <strong>Sweet Dog Girl<\/strong>, tutte educatrici cinofile iscritte all&#8217;APNEC e specializzate in una disciplina cinofila sportiva.<\/p>\n<\/div><\/section><br \/>\n<div  style=' margin-top:10px; margin-bottom:30px;'  class='hr hr-custom hr-left hr-icon-no   avia-builder-el-27  el_after_av_textblock  el_before_av_heading '><span class='hr-inner  inner-border-av-border-fat' style=' width:50px;' ><span class='hr-inner-style'><\/span><\/span><\/div><br \/>\n<div  style='padding-bottom:0px; ' class='av-special-heading av-special-heading-h3  blockquote modern-quote  avia-builder-el-28  el_after_av_hr  el_before_av_textblock  '><h3 class='av-special-heading-tag '  itemprop=\"headline\"  >Sport Cinofili<\/h3><div class ='av-subheading av-subheading_below  ' style='font-size:15px;'><p>Acsi &#8211; CONI<\/p>\n<\/div><div class='special-heading-border'><div class='special-heading-inner-border' ><\/div><\/div><\/div><br \/>\n<section class=\"av_textblock_section \"  itemscope=\"itemscope\" itemtype=\"https:\/\/schema.org\/CreativeWork\" ><div class='avia_textblock  '   itemprop=\"text\" ><ul>\n<li>Istruttore, Giudice e Formatore di Scent Game@<\/li>\n<li>Istruttore, Giudice e Formatore di Huntering@<\/li>\n<li>Istruttore di Agility<\/li>\n<li>Tecnico Rally-o<\/li>\n<li>Tecnico Dog Dance<\/li>\n<\/ul>\n<ul>\n<li>Addestratore ENCI sez.1<\/li>\n<\/ul>\n<\/div><\/section><\/p><\/div><div class='av-flex-placeholder'><\/div><div class=\"flex_column av_one_half  av-animated-generic fade-in  flex_column_table_cell av-equal-height-column av-align-top   avia-builder-el-30  el_after_av_one_half  el_before_av_hr  \" style='padding:40px; background-color:rgba(255,255,255,0.9); border-radius:0px; '><p><div  style='padding-bottom:30px; color:#e44df2;font-size:70px;' class='av-special-heading av-special-heading-h3 custom-color-heading blockquote modern-quote  avia-builder-el-31  el_before_av_heading  avia-builder-el-first  av-inherit-size '><h3 class='av-special-heading-tag '  itemprop=\"headline\"  >Coaching in Dog Training\u00ae<\/h3><div class='special-heading-border'><div class='special-heading-inner-border' style='border-color:#e44df2'><\/div><\/div><\/div><br \/>\n<div  style='padding-bottom:0px; ' class='av-special-heading av-special-heading-h3  blockquote modern-quote  avia-builder-el-32  el_after_av_heading  el_before_av_textblock  '><h3 class='av-special-heading-tag '  itemprop=\"headline\"  >Dal Coaching alla Cinofilia<\/h3><div class ='av-subheading av-subheading_below  ' style='font-size:15px;'><p>Il coaching applicato alla cinofilia<\/p>\n<\/div><div class='special-heading-border'><div class='special-heading-inner-border' ><\/div><\/div><\/div><br \/>\n<section class=\"av_textblock_section \"  itemscope=\"itemscope\" itemtype=\"https:\/\/schema.org\/CreativeWork\" ><div class='avia_textblock  '   itemprop=\"text\" ><p>Tutto ci\u00f2 che concerne:<\/p>\n<ul>\n<li>Comunicazione efficace e persuasiva<\/li>\n<li>Leadership personale<\/li>\n<li>Tecniche di Vendita<\/li>\n<\/ul>\n<\/div><\/section><br \/>\n<div  style=' margin-top:10px; margin-bottom:30px;'  class='hr hr-custom hr-left hr-icon-no   avia-builder-el-34  el_after_av_textblock  el_before_av_heading '><span class='hr-inner  inner-border-av-border-fat' style=' width:50px;' ><span class='hr-inner-style'><\/span><\/span><\/div><br \/>\n<div  style='padding-bottom:0px; ' class='av-special-heading av-special-heading-h3  blockquote modern-quote  avia-builder-el-35  el_after_av_hr  el_before_av_textblock  '><h3 class='av-special-heading-tag '  itemprop=\"headline\"  >FPC\u00ae<\/h3><div class ='av-subheading av-subheading_below  ' style='font-size:15px;'><p>Formazione Professionisti Cinofili<\/p>\n<\/div><div class='special-heading-border'><div class='special-heading-inner-border' ><\/div><\/div><\/div><br \/>\n<section class=\"av_textblock_section \"  itemscope=\"itemscope\" itemtype=\"https:\/\/schema.org\/CreativeWork\" ><div class='avia_textblock  '   itemprop=\"text\" ><p>La mia azienda di Formazione che si occupa di Comunicazione Umana mirata ai professionisti Cinofili<\/p>\n<\/div><\/section><br \/>\n<div   class='hr hr-default   avia-builder-el-37  el_after_av_textblock  el_before_av_heading '><span class='hr-inner ' ><span class='hr-inner-style'><\/span><\/span><\/div><br \/>\n<div  style='padding-bottom:0px; ' class='av-special-heading av-special-heading-h3  blockquote modern-quote  avia-builder-el-38  el_after_av_hr  el_before_av_textblock  '><h3 class='av-special-heading-tag '  itemprop=\"headline\"  >La Valigia Rosa<\/h3><div class='special-heading-border'><div class='special-heading-inner-border' ><\/div><\/div><\/div><br \/>\n<section class=\"av_textblock_section \"  itemscope=\"itemscope\" itemtype=\"https:\/\/schema.org\/CreativeWork\" ><div class='avia_textblock  '   itemprop=\"text\" ><p>Da un periodo molto sfidante della mia vita, contestualmente alla perdita della mia Valigia Rosa, sono nati:<\/p>\n<ul>\n<li>il blog della valigia rosa<\/li>\n<li>il libro de &#8220;La ragazza che inseguiva la valigia rosa&#8221; in uscita a breve<\/li>\n<\/ul>\n<\/div><\/section><\/p><\/div><\/div><!--close column table wrapper. Autoclose: 1 --><div  style='height:50px' class='hr hr-invisible   avia-builder-el-40  el_after_av_one_half  avia-builder-el-last '><span class='hr-inner ' ><span class='hr-inner-style'><\/span><\/span><\/div>\n\n<\/div><\/div><\/div><!-- close content main div --><\/div><\/div><\/div><div id='welcome'  class='av-layout-grid-container entry-content-wrapper main_color av-fixed-cells     avia-builder-el-41  el_after_av_section  el_before_av_section  submenu-not-first container_wrap sidebar_right' style=' '  >\n<div class=\"flex_cell no_margin av_one_fourth  avia-builder-el-42  el_before_av_cell_one_fourth  avia-builder-el-first   av-zero-padding \"  style='height:15px; min-height:15px;background: #ffffff; vertical-align:top; padding:0px; background-color:#ffffff; ' ><div class='flex_cell_inner' ><\/div><\/div><div class=\"flex_cell no_margin av_one_fourth  avia-builder-el-43  el_after_av_cell_one_fourth  el_before_av_cell_one_fourth   av-zero-padding \"  style='height:15px; min-height:15px;vertical-align:top; padding:0px; ' ><div class='flex_cell_inner' ><\/div><\/div><div class=\"flex_cell no_margin av_one_fourth  avia-builder-el-44  el_after_av_cell_one_fourth  el_before_av_cell_one_fourth   av-zero-padding \"  style='height:15px; min-height:15px;vertical-align:top; padding:0px; ' ><div class='flex_cell_inner' ><\/div><\/div><div class=\"flex_cell no_margin av_one_fourth  avia-builder-el-45  el_after_av_cell_one_fourth  avia-builder-el-last   av-zero-padding \"  style='height:15px; min-height:15px;vertical-align:top; padding:0px; ' ><div class='flex_cell_inner' ><\/div><\/div>\n<\/div>\n<div id='av_section_2'  class='avia-section alternate_color avia-section-huge avia-no-border-styling  avia-full-stretch av-section-color-overlay-active avia-bg-style-fixed  avia-builder-el-46  el_after_av_layout_row  avia-builder-el-last   container_wrap sidebar_right' style='background-repeat: no-repeat; background-image: url(https:\/\/coachingindogtraining.it\/wp-content\/uploads\/2021\/02\/VALE0848-scaled.jpg);background-attachment: fixed; background-position: center center;  '  data-section-bg-repeat='stretch'><div class='av-section-color-overlay-wrap'><div class='av-section-color-overlay' style='opacity: 0.8; background-color: #000000; '><\/div><div class='container' ><div class='template-page content  av-content-small alpha units'><div class='post-entry post-entry-type-page post-entry-253'><div class='entry-content-wrapper clearfix'>\n<div class=\"flex_column av_one_fifth  flex_column_div av-zero-column-padding first  avia-builder-el-47  el_before_av_three_fifth  avia-builder-el-first  \" style='border-radius:0px; '><\/div><div class=\"flex_column av_three_fifth  flex_column_div av-zero-column-padding   avia-builder-el-48  el_after_av_one_fifth  el_before_av_one_fifth  \" style='border-radius:0px; '><p><div  style='padding-bottom:20px; font-size:50px;' class='av-special-heading av-special-heading-h1 custom-color-heading blockquote modern-quote modern-centered  avia-builder-el-49  el_before_av_textblock  avia-builder-el-first  av-inherit-size '><h1 class='av-special-heading-tag '  itemprop=\"headline\"  >Contattami ora<\/h1><div class='special-heading-border'><div class='special-heading-inner-border' ><\/div><\/div><\/div><br \/>\n<section class=\"av_textblock_section \"  itemscope=\"itemscope\" itemtype=\"https:\/\/schema.org\/CreativeWork\" ><div class='avia_textblock  '   itemprop=\"text\" ><p style=\"text-align: center;\">Adesso tocca a te!<\/p>\n<\/div><\/section><br \/>\n<div  style='height:20px' class='hr hr-invisible   avia-builder-el-51  el_after_av_textblock  el_before_av_button '><span class='hr-inner ' ><span class='hr-inner-style'><\/span><\/span><\/div><br \/>\n<div  class='avia-button-wrap avia-button-center  avia-builder-el-52  el_after_av_hr  avia-builder-el-last ' ><a href='https:\/\/coachingindogtraining.it\/?page_id=255'  class='avia-button av-icon-on-hover avia-color-light   avia-icon_select-yes-right-icon avia-size-large avia-position-center '   ><span class='avia_iconbox_title' >Contattami<\/span><span class='avia_button_icon avia_button_icon_right' aria-hidden='true' data-av_icon='\ue879' data-av_iconfont='entypo-fontello'><\/span><\/a><\/div><\/p><\/div><div class=\"flex_column av_one_fifth  flex_column_div av-zero-column-padding   avia-builder-el-53  el_after_av_three_fifth  avia-builder-el-last  \" style='border-radius:0px; '><\/div>\n<\/div><\/div><\/div><!-- close content main div --><\/div><\/div><\/div><div id='after_section_2'  class='main_color av_default_container_wrap container_wrap sidebar_right' style=' '  ><div class='container' ><div class='template-page content  av-content-small alpha units'><div class='post-entry post-entry-type-page post-entry-253'><div class='entry-content-wrapper clearfix'>\n","protected":false},"excerpt":{"rendered":"","protected":false},"author":1,"featured_media":402,"parent":0,"menu_order":0,"comment_status":"closed","ping_status":"closed","template":"","meta":{"footnotes":""},"class_list":["post-253","page","type-page","status-publish","has-post-thumbnail","hentry"],"_links":{"self":[{"href":"https:\/\/coachingindogtraining.it\/index.php?rest_route=\/wp\/v2\/pages\/253","targetHints":{"allow":["GET"]}}],"collection":[{"href":"https:\/\/coachingindogtraining.it\/index.php?rest_route=\/wp\/v2\/pages"}],"about":[{"href":"https:\/\/coachingindogtraining.it\/index.php?rest_route=\/wp\/v2\/types\/page"}],"author":[{"embeddable":true,"href":"https:\/\/coachingindogtraining.it\/index.php?rest_route=\/wp\/v2\/users\/1"}],"replies":[{"embeddable":true,"href":"https:\/\/coachingindogtraining.it\/index.php?rest_route=%2Fwp%2Fv2%2Fcomments&post=253"}],"version-history":[{"count":63,"href":"https:\/\/coachingindogtraining.it\/index.php?rest_route=\/wp\/v2\/pages\/253\/revisions"}],"predecessor-version":[{"id":1721,"href":"https:\/\/coachingindogtraining.it\/index.php?rest_route=\/wp\/v2\/pages\/253\/revisions\/1721"}],"wp:featuredmedia":[{"embeddable":true,"href":"https:\/\/coachingindogtraining.it\/index.php?rest_route=\/wp\/v2\/media\/402"}],"wp:attachment":[{"href":"https:\/\/coachingindogtraining.it\/index.php?rest_route=%2Fwp%2Fv2%2Fmedia&parent=253"}],"curies":[{"name":"wp","href":"https:\/\/api.w.org\/{rel}","templated":true}]}}